{"id":3655,"date":"2025-02-19T22:38:33","date_gmt":"2025-02-19T22:38:33","guid":{"rendered":"https:\/\/edupublicoprivada.com\/?page_id=3655"},"modified":"2025-07-07T14:50:03","modified_gmt":"2025-07-07T14:50:03","slug":"contacto","status":"publish","type":"page","link":"https:\/\/edupublicoprivada.com\/2025\/contacto\/","title":{"rendered":"Contacto"},"content":{"rendered":"<div class=\"fusion-fullwidth fullwidth-box fusion-builder-row-1 fusion-flex-container nonhundred-percent-fullwidth non-hundred-percent-height-scrolling\" style=\"--awb-border-radius-top-left:0px;--awb-border-radius-top-right:0px;--awb-border-radius-bottom-right:0px;--awb-border-radius-bottom-left:0px;--awb-margin-top:10px;--awb-flex-wrap:wrap;\" ><div class=\"fusion-builder-row fusion-row fusion-flex-align-items-flex-start fusion-flex-content-wrap\" style=\"max-width:1260px;margin-left: calc(-5% \/ 2 );margin-right: calc(-5% \/ 2 );\"><div class=\"fusion-layout-column fusion_builder_column fusion-builder-column-0 fusion_builder_column_1_2 1_2 fusion-flex-column form-registro\" style=\"--awb-bg-size:cover;--awb-width-large:50%;--awb-margin-top-large:0px;--awb-spacing-right-large:4.75%;--awb-margin-bottom-large:20px;--awb-spacing-left-large:4.75%;--awb-width-medium:50%;--awb-order-medium:0;--awb-spacing-right-medium:4.75%;--awb-spacing-left-medium:4.75%;--awb-width-small:100%;--awb-order-small:0;--awb-spacing-right-small:2.375%;--awb-spacing-left-small:2.375%;\"><div class=\"fusion-column-wrapper fusion-column-has-shadow fusion-flex-justify-content-flex-start fusion-content-layout-column\"><div class=\"fusion-text fusion-text-1 fusion-text-no-margin\" style=\"--awb-font-size:17px;--awb-text-color:var(--awb-custom_color_3);--awb-margin-bottom:10px;--awb-text-font-family:&quot;Catamaran&quot;;--awb-text-font-style:normal;--awb-text-font-weight:700;\"><p>Para mayor informaci\u00f3n o consultas puede ponerse en contacto completando el formulario o directamente a:<\/p>\n<\/div><div class=\"fusion-separator fusion-full-width-sep\" style=\"align-self: center;margin-left: auto;margin-right: auto;margin-top:40px;margin-bottom:25px;width:100%;max-width:100%;\"><div class=\"fusion-separator-border sep-single sep-dashed\" style=\"--awb-height:20px;--awb-amount:20px;--awb-sep-color:var(--awb-color7);border-color:var(--awb-color7);border-top-width:1px;\"><\/div><\/div><div class=\"fusion-text fusion-text-2\" style=\"--awb-content-alignment:center;--awb-text-color:var(--awb-custom_color_3);\"><p><strong>Siena Educaci\u00f3n<\/strong><\/p>\n<p>Asunto: M\u00e1s informaci\u00f3n Jornadas P\u00fablico-Privada<br \/>\n<span style=\"color: #0acfeb;\"><a style=\"color: #0acfeb;\" href=\"mailto:elenacasero@magisnet.com\" target=\"_blank\" rel=\"noopener\">elenacasero@magisnet.com<\/a><\/span><br \/>\n<span style=\"color: #0acfeb;\"><a style=\"color: #0acfeb;\" href=\"tel:+34659057836\" target=\"_blank\" rel=\"noopener\">659057836<\/a><\/span><\/p>\n<\/div><div class=\"fusion-separator fusion-full-width-sep\" style=\"align-self: center;margin-left: auto;margin-right: auto;margin-top:0px;margin-bottom:80px;width:100%;max-width:100%;\"><div class=\"fusion-separator-border sep-single sep-dashed\" style=\"--awb-height:20px;--awb-amount:20px;--awb-sep-color:var(--awb-color7);border-color:var(--awb-color7);border-top-width:1px;\"><\/div><\/div><\/div><\/div><div class=\"fusion-layout-column fusion_builder_column fusion-builder-column-1 fusion_builder_column_1_2 1_2 fusion-flex-column form-registro\" style=\"--awb-bg-size:cover;--awb-width-large:50%;--awb-margin-top-large:0px;--awb-spacing-right-large:4.75%;--awb-margin-bottom-large:20px;--awb-spacing-left-large:4.75%;--awb-width-medium:50%;--awb-order-medium:0;--awb-spacing-right-medium:4.75%;--awb-spacing-left-medium:4.75%;--awb-width-small:100%;--awb-order-small:0;--awb-spacing-right-small:2.375%;--awb-spacing-left-small:2.375%;\"><div class=\"fusion-column-wrapper fusion-column-has-shadow fusion-flex-justify-content-flex-start fusion-content-layout-column\">\n<div class=\"wpcf7 no-js\" id=\"wpcf7-f2253-o1\" lang=\"es-ES\" dir=\"ltr\" data-wpcf7-id=\"2253\">\n<div class=\"screen-reader-response\"><p role=\"status\" aria-live=\"polite\" aria-atomic=\"true\"><\/p> <ul><\/ul><\/div>\n<form action=\"\/2025\/wp-json\/wp\/v2\/pages\/3655#wpcf7-f2253-o1\" method=\"post\" class=\"wpcf7-form init\" aria-label=\"Formulario de contacto\" novalidate=\"novalidate\" data-status=\"init\">\n<fieldset class=\"hidden-fields-container\"><input type=\"hidden\" name=\"_wpcf7\" value=\"2253\" \/><input type=\"hidden\" name=\"_wpcf7_version\" value=\"6.1\" \/><input type=\"hidden\" name=\"_wpcf7_locale\" value=\"es_ES\" \/><input type=\"hidden\" name=\"_wpcf7_unit_tag\" value=\"wpcf7-f2253-o1\" \/><input type=\"hidden\" name=\"_wpcf7_container_post\" value=\"0\" \/><input type=\"hidden\" name=\"_wpcf7_posted_data_hash\" value=\"\" \/><input type=\"hidden\" name=\"_wpcf7_recaptcha_response\" value=\"\" \/>\n<\/fieldset>\n<p><label> Nombre*<br \/>\n<span class=\"wpcf7-form-control-wrap\" data-name=\"nombre\"><input size=\"40\" maxlength=\"400\" class=\"wpcf7-form-control wpcf7-text wpcf7-validates-as-required\" aria-required=\"true\" aria-invalid=\"false\" value=\"\" type=\"text\" name=\"nombre\" \/><\/span> <\/label>\n<\/p>\n<p><label> Apellido*<br \/>\n<span class=\"wpcf7-form-control-wrap\" data-name=\"apellido\"><input size=\"40\" maxlength=\"400\" class=\"wpcf7-form-control wpcf7-text wpcf7-validates-as-required\" aria-required=\"true\" aria-invalid=\"false\" value=\"\" type=\"text\" name=\"apellido\" \/><\/span> <\/label>\n<\/p>\n<p><label> Correo electr\u00f3nico*<br \/>\n<span class=\"wpcf7-form-control-wrap\" data-name=\"your-email\"><input size=\"40\" maxlength=\"400\" class=\"wpcf7-form-control wpcf7-email wpcf7-validates-as-required wpcf7-text wpcf7-validates-as-email\" aria-required=\"true\" aria-invalid=\"false\" value=\"\" type=\"email\" name=\"your-email\" \/><\/span> <\/label>\n<\/p>\n<p><label> Tel\u00e9fono*<br \/>\n<span class=\"wpcf7-form-control-wrap\" data-name=\"tel\"><input size=\"40\" maxlength=\"400\" class=\"wpcf7-form-control wpcf7-tel wpcf7-validates-as-required wpcf7-text wpcf7-validates-as-tel\" aria-required=\"true\" aria-invalid=\"false\" value=\"\" type=\"tel\" name=\"tel\" \/><\/span> <\/label>\n<\/p>\n<p><label> Mensaje<br \/>\n<span class=\"wpcf7-form-control-wrap\" data-name=\"mensaje\"><textarea cols=\"40\" rows=\"10\" maxlength=\"2000\" class=\"wpcf7-form-control wpcf7-textarea\" aria-invalid=\"false\" name=\"mensaje\"><\/textarea><\/span><\/label>\n<\/p>\n<p><span class=\"wpcf7-form-control-wrap\" data-name=\"aceptacion-marketing\"><span class=\"wpcf7-form-control wpcf7-acceptance optional\"><span class=\"wpcf7-list-item\"><input type=\"checkbox\" name=\"aceptacion-marketing\" value=\"1\" aria-invalid=\"false\" \/><\/span><\/span><\/span> Acepto recibir comunicaciones comerciales de SIENA sobre sus actividades, contenidos y servicios, as\u00ed como contenidos de sus patrocinadores y terceros\n<\/p>\n<p><span class=\"wpcf7-form-control-wrap\" data-name=\"aceptacion-politica-privacidad\"><span class=\"wpcf7-form-control wpcf7-acceptance\"><span class=\"wpcf7-list-item\"><input type=\"checkbox\" name=\"aceptacion-politica-privacidad\" value=\"1\" aria-invalid=\"false\" \/><\/span><\/span><\/span> Acepto el <a href=\"https:\/\/edupublicoprivada.com\/2025\/aviso-legal\/\" target=\"_blank\">aviso legal<\/a> y la <a href=\"https:\/\/edupublicoprivada.com\/2025\/politica-de-privacidad\/\" target=\"_blank\">pol\u00edtica de privacidad<\/a>.\n<\/p>\n<p><input class=\"wpcf7-form-control wpcf7-submit has-spinner btn-enviar\" type=\"submit\" value=\"Quiero recibir informaci\u00f3n\" \/>\n<\/p><div class=\"fusion-alert alert custom alert-custom fusion-alert-center wpcf7-response-output awb-alert-native-link-color alert-dismissable awb-alert-close-boxed\" style=\"--awb-border-size:1px;--awb-border-top-left-radius:0px;--awb-border-top-right-radius:0px;--awb-border-bottom-left-radius:0px;--awb-border-bottom-right-radius:0px;\" role=\"alert\"><div class=\"fusion-alert-content-wrapper\"><span class=\"fusion-alert-content\"><\/span><\/div><button type=\"button\" class=\"close toggle-alert\" data-dismiss=\"alert\" aria-label=\"Close\">&times;<\/button><\/div>\n<\/form>\n<\/div>\n<\/div><\/div><\/div><\/div>\n","protected":false},"excerpt":{"rendered":"","protected":false},"author":1,"featured_media":0,"parent":0,"menu_order":0,"comment_status":"closed","ping_status":"closed","template":"","meta":{"footnotes":""},"class_list":["post-3655","page","type-page","status-publish","hentry"],"yoast_head":"<!-- This site is optimized with the Yoast SEO plugin v25.4 - https:\/\/yoast.com\/wordpress\/plugins\/seo\/ -->\n<title>Contacto - Colaboraci\u00f3n P\u00fablico-Privada en Educaci\u00f3n<\/title>\n<meta name=\"robots\" content=\"index, follow, max-snippet:-1, max-image-preview:large, max-video-preview:-1\" \/>\n<link rel=\"canonical\" href=\"https:\/\/edupublicoprivada.com\/2025\/contacto\/\" \/>\n<meta property=\"og:locale\" content=\"es_ES\" \/>\n<meta property=\"og:type\" content=\"article\" \/>\n<meta property=\"og:title\" content=\"Contacto - Colaboraci\u00f3n P\u00fablico-Privada en Educaci\u00f3n\" \/>\n<meta property=\"og:url\" content=\"https:\/\/edupublicoprivada.com\/2025\/contacto\/\" \/>\n<meta property=\"og:site_name\" content=\"Colaboraci\u00f3n P\u00fablico-Privada en Educaci\u00f3n\" \/>\n<meta property=\"article:modified_time\" content=\"2025-07-07T14:50:03+00:00\" \/>\n<meta name=\"twitter:card\" content=\"summary_large_image\" \/>\n<meta name=\"twitter:label1\" content=\"Tiempo de lectura\" \/>\n\t<meta name=\"twitter:data1\" content=\"1 minuto\" \/>\n<script type=\"application\/ld+json\" class=\"yoast-schema-graph\">{\"@context\":\"https:\/\/schema.org\",\"@graph\":[{\"@type\":\"WebPage\",\"@id\":\"https:\/\/edupublicoprivada.com\/2025\/contacto\/\",\"url\":\"https:\/\/edupublicoprivada.com\/2025\/contacto\/\",\"name\":\"Contacto - Colaboraci\u00f3n P\u00fablico-Privada en Educaci\u00f3n\",\"isPartOf\":{\"@id\":\"https:\/\/edupublicoprivada.com\/2025\/#website\"},\"datePublished\":\"2025-02-19T22:38:33+00:00\",\"dateModified\":\"2025-07-07T14:50:03+00:00\",\"breadcrumb\":{\"@id\":\"https:\/\/edupublicoprivada.com\/2025\/contacto\/#breadcrumb\"},\"inLanguage\":\"es\",\"potentialAction\":[{\"@type\":\"ReadAction\",\"target\":[\"https:\/\/edupublicoprivada.com\/2025\/contacto\/\"]}]},{\"@type\":\"BreadcrumbList\",\"@id\":\"https:\/\/edupublicoprivada.com\/2025\/contacto\/#breadcrumb\",\"itemListElement\":[{\"@type\":\"ListItem\",\"position\":1,\"name\":\"Portada\",\"item\":\"https:\/\/edupublicoprivada.com\/2025\/\"},{\"@type\":\"ListItem\",\"position\":2,\"name\":\"Contacto\"}]},{\"@type\":\"WebSite\",\"@id\":\"https:\/\/edupublicoprivada.com\/2025\/#website\",\"url\":\"https:\/\/edupublicoprivada.com\/2025\/\",\"name\":\"Colaboraci\u00f3n P\u00fablico-Privada en Educaci\u00f3n\",\"description\":\"El impacto de los Fondos Next Generation en la Educaci\u00f3n. #EU-NEXT GENERATION\",\"potentialAction\":[{\"@type\":\"SearchAction\",\"target\":{\"@type\":\"EntryPoint\",\"urlTemplate\":\"https:\/\/edupublicoprivada.com\/2025\/?s={search_term_string}\"},\"query-input\":{\"@type\":\"PropertyValueSpecification\",\"valueRequired\":true,\"valueName\":\"search_term_string\"}}],\"inLanguage\":\"es\"}]}<\/script>\n<!-- \/ Yoast SEO plugin. -->","yoast_head_json":{"title":"Contacto - Colaboraci\u00f3n P\u00fablico-Privada en Educaci\u00f3n","robots":{"index":"index","follow":"follow","max-snippet":"max-snippet:-1","max-image-preview":"max-image-preview:large","max-video-preview":"max-video-preview:-1"},"canonical":"https:\/\/edupublicoprivada.com\/2025\/contacto\/","og_locale":"es_ES","og_type":"article","og_title":"Contacto - Colaboraci\u00f3n P\u00fablico-Privada en Educaci\u00f3n","og_url":"https:\/\/edupublicoprivada.com\/2025\/contacto\/","og_site_name":"Colaboraci\u00f3n P\u00fablico-Privada en Educaci\u00f3n","article_modified_time":"2025-07-07T14:50:03+00:00","twitter_card":"summary_large_image","twitter_misc":{"Tiempo de lectura":"1 minuto"},"schema":{"@context":"https:\/\/schema.org","@graph":[{"@type":"WebPage","@id":"https:\/\/edupublicoprivada.com\/2025\/contacto\/","url":"https:\/\/edupublicoprivada.com\/2025\/contacto\/","name":"Contacto - Colaboraci\u00f3n P\u00fablico-Privada en Educaci\u00f3n","isPartOf":{"@id":"https:\/\/edupublicoprivada.com\/2025\/#website"},"datePublished":"2025-02-19T22:38:33+00:00","dateModified":"2025-07-07T14:50:03+00:00","breadcrumb":{"@id":"https:\/\/edupublicoprivada.com\/2025\/contacto\/#breadcrumb"},"inLanguage":"es","potentialAction":[{"@type":"ReadAction","target":["https:\/\/edupublicoprivada.com\/2025\/contacto\/"]}]},{"@type":"BreadcrumbList","@id":"https:\/\/edupublicoprivada.com\/2025\/contacto\/#breadcrumb","itemListElement":[{"@type":"ListItem","position":1,"name":"Portada","item":"https:\/\/edupublicoprivada.com\/2025\/"},{"@type":"ListItem","position":2,"name":"Contacto"}]},{"@type":"WebSite","@id":"https:\/\/edupublicoprivada.com\/2025\/#website","url":"https:\/\/edupublicoprivada.com\/2025\/","name":"Colaboraci\u00f3n P\u00fablico-Privada en Educaci\u00f3n","description":"El impacto de los Fondos Next Generation en la Educaci\u00f3n. #EU-NEXT GENERATION","potentialAction":[{"@type":"SearchAction","target":{"@type":"EntryPoint","urlTemplate":"https:\/\/edupublicoprivada.com\/2025\/?s={search_term_string}"},"query-input":{"@type":"PropertyValueSpecification","valueRequired":true,"valueName":"search_term_string"}}],"inLanguage":"es"}]}},"_links":{"self":[{"href":"https:\/\/edupublicoprivada.com\/2025\/wp-json\/wp\/v2\/pages\/3655","targetHints":{"allow":["GET"]}}],"collection":[{"href":"https:\/\/edupublicoprivada.com\/2025\/wp-json\/wp\/v2\/pages"}],"about":[{"href":"https:\/\/edupublicoprivada.com\/2025\/wp-json\/wp\/v2\/types\/page"}],"author":[{"embeddable":true,"href":"https:\/\/edupublicoprivada.com\/2025\/wp-json\/wp\/v2\/users\/1"}],"replies":[{"embeddable":true,"href":"https:\/\/edupublicoprivada.com\/2025\/wp-json\/wp\/v2\/comments?post=3655"}],"version-history":[{"count":5,"href":"https:\/\/edupublicoprivada.com\/2025\/wp-json\/wp\/v2\/pages\/3655\/revisions"}],"predecessor-version":[{"id":4380,"href":"https:\/\/edupublicoprivada.com\/2025\/wp-json\/wp\/v2\/pages\/3655\/revisions\/4380"}],"wp:attachment":[{"href":"https:\/\/edupublicoprivada.com\/2025\/wp-json\/wp\/v2\/media?parent=3655"}],"curies":[{"name":"wp","href":"https:\/\/api.w.org\/{rel}","templated":true}]}}